{"id":651,"date":"2023-02-15T22:47:55","date_gmt":"2023-02-15T22:47:55","guid":{"rendered":"https:\/\/encompassresearch.com\/politica-de-privacidad\/"},"modified":"2023-05-20T00:38:56","modified_gmt":"2023-05-20T00:38:56","slug":"politica-de-privacidad","status":"publish","type":"page","link":"https:\/\/encompassresearch.com\/es\/politica-de-privacidad\/","title":{"rendered":"Pol\u00edtica de privacidad"},"content":{"rendered":"\t\t<div data-elementor-type=\"wp-page\" data-elementor-id=\"651\" class=\"elementor elementor-651 elementor-425\">\n\t\t\t\t\t\t<section class=\"elementor-section elementor-top-section elementor-element elementor-element-e5bfc17 elementor-section-height-min-height elementor-section-boxed elementor-section-height-default elementor-section-items-middle\" data-id=\"e5bfc17\" data-element_type=\"section\" data-settings=\"{&quot;background_background&quot;:&quot;classic&quot;}\">\n\t\t\t\t\t\t<div class=\"elementor-container elementor-column-gap-default\">\n\t\t\t\t\t<div class=\"elementor-column elementor-col-100 elementor-top-column elementor-element elementor-element-bec6420\" data-id=\"bec6420\" data-element_type=\"column\">\n\t\t\t<div class=\"elementor-widget-wrap elementor-element-populated\">\n\t\t\t\t\t\t<div class=\"elementor-element elementor-element-05fe2ab elementor-widget elementor-widget-heading\" data-id=\"05fe2ab\" data-element_type=\"widget\" data-widget_type=\"heading.default\">\n\t\t\t\t<div class=\"elementor-widget-container\">\n\t\t\t<style>\/*! elementor - v3.21.0 - 08-05-2024 *\/\n.elementor-heading-title{padding:0;margin:0;line-height:1}.elementor-widget-heading .elementor-heading-title[class*=elementor-size-]>a{color:inherit;font-size:inherit;line-height:inherit}.elementor-widget-heading .elementor-heading-title.elementor-size-small{font-size:15px}.elementor-widget-heading .elementor-heading-title.elementor-size-medium{font-size:19px}.elementor-widget-heading .elementor-heading-title.elementor-size-large{font-size:29px}.elementor-widget-heading .elementor-heading-title.elementor-size-xl{font-size:39px}.elementor-widget-heading .elementor-heading-title.elementor-size-xxl{font-size:59px}<\/style><h1 class=\"elementor-heading-title elementor-size-default\">Pol\u00edtica de privacidad<\/h1>\t\t<\/div>\n\t\t\t\t<\/div>\n\t\t\t\t\t<\/div>\n\t\t<\/div>\n\t\t\t\t\t<\/div>\n\t\t<\/section>\n\t\t\t\t<section class=\"elementor-section elementor-top-section elementor-element elementor-element-ca8ed52 elementor-section-boxed elementor-section-height-default elementor-section-height-default\" data-id=\"ca8ed52\" data-element_type=\"section\">\n\t\t\t\t\t\t<div class=\"elementor-container elementor-column-gap-default\">\n\t\t\t\t\t<div class=\"elementor-column elementor-col-100 elementor-top-column elementor-element elementor-element-15f7cd9\" data-id=\"15f7cd9\" data-element_type=\"column\">\n\t\t\t<div class=\"elementor-widget-wrap elementor-element-populated\">\n\t\t\t\t\t\t<div class=\"elementor-element elementor-element-a8e978e elementor-widget elementor-widget-heading\" data-id=\"a8e978e\" data-element_type=\"widget\" data-widget_type=\"heading.default\">\n\t\t\t\t<div class=\"elementor-widget-container\">\n\t\t\t<h2 class=\"elementor-heading-title elementor-size-default\"><strong style=\"font-weight:600;\">Pol\u00edtica de<\/strong> privacidad<\/h2>\t\t<\/div>\n\t\t\t\t<\/div>\n\t\t\t\t<div class=\"elementor-element elementor-element-24758b3 privacy-content elementor-widget elementor-widget-text-editor\" data-id=\"24758b3\" data-element_type=\"widget\" data-widget_type=\"text-editor.default\">\n\t\t\t\t<div class=\"elementor-widget-container\">\n\t\t\t<style>\/*! elementor - v3.21.0 - 08-05-2024 *\/\n.elementor-widget-text-editor.elementor-drop-cap-view-stacked .elementor-drop-cap{background-color:#69727d;color:#fff}.elementor-widget-text-editor.elementor-drop-cap-view-framed .elementor-drop-cap{color:#69727d;border:3px solid;background-color:transparent}.elementor-widget-text-editor:not(.elementor-drop-cap-view-default) .elementor-drop-cap{margin-top:8px}.elementor-widget-text-editor:not(.elementor-drop-cap-view-default) .elementor-drop-cap-letter{width:1em;height:1em}.elementor-widget-text-editor .elementor-drop-cap{float:left;text-align:center;line-height:1;font-size:50px}.elementor-widget-text-editor .elementor-drop-cap-letter{display:inline-block}<\/style>\t\t\t\t<p>Encompass Clinical Research (\u00abEncompass\u00bb) se compromete a proteger y preservar la privacidad de los participantes en sus estudios cl\u00ednicos y de aquellos que se planteen participar en un estudio cl\u00ednico. En consecuencia, hemos desarrollado esta Pol\u00edtica de privacidad para explicar los tipos de informaci\u00f3n de identificaci\u00f3n personal recopilada por Encompass a trav\u00e9s de su sitio web (el \u00abSitio\u00bb) y las formas en que Encompass puede utilizar dicha informaci\u00f3n. Como condici\u00f3n para el uso del Sitio de Encompass, usted acepta regirse por la siguiente Pol\u00edtica de Privacidad. A menos que se definan en esta Pol\u00edtica de privacidad, los t\u00e9rminos en may\u00fasculas tendr\u00e1n el significado establecido en los T\u00e9rminos y condiciones de uso de Encompass (\u00abT\u00e9rminos de uso\u00bb).<\/p>\n<h3>INFORMACI\u00d3N RECOGIDA<\/h3>\n<p>La informaci\u00f3n recopilada por Encompass se divide en dos categor\u00edas: (1) informaci\u00f3n suministrada voluntariamente por los visitantes de nuestro sitio y (2) informaci\u00f3n de seguimiento recopilada cuando los visitantes navegan por nuestro sitio. Cuando un usuario del Sitio de Encompass se registra voluntariamente con Encompass, Encompass recibe el nombre del usuario, informaci\u00f3n de contacto, informaci\u00f3n demogr\u00e1fica y otra informaci\u00f3n relativa al usuario. Esta informaci\u00f3n nos permite prestar servicios a nuestros usuarios, mejorar la programaci\u00f3n de nuestro sitio web y evaluar la forma en que nuestros usuarios utilizan nuestros servicios.<\/p>\n<h3>SEGUIMIENTO DEL USO DE LOS SERVICIOS<\/h3>\n<p>Al igual que muchas empresas, Encompass utiliza archivos de datos denominados \u00abcookies\u00bb para determinar c\u00f3mo interact\u00faan nuestros usuarios con nuestro sitio y para saber con qu\u00e9 frecuencia vuelven a un lugar concreto de nuestro sitio. Las cookies tambi\u00e9n nos permiten identificar los sitios desde los que nuestros usuarios acceden a Encompass para que podamos colocar m\u00e1s publicidad en l\u00ednea en estos sitios.<\/p>\n<p>Los anunciantes en los sitios web de Encompass tambi\u00e9n pueden utilizar cookies en sus anuncios para realizar un seguimiento del rendimiento de los anuncios en l\u00ednea. Es posible que Encompass no tenga acceso a esta informaci\u00f3n.<\/p>\n<p>Si no desea aceptar cookies de Encompass o de otros sitios, el software de su navegador deber\u00eda permitirle rechazar las cookies. Para rechazar las cookies, acceda a las secciones Opciones de Internet (Microsoft Internet Explorer) o Preferencias (Netscape) del software de su navegador. Si el software de su navegador no le permite rechazar las cookies, existen una serie de programas inform\u00e1ticos conocidos como \u00abtrituradores de cookies\u00bb a la venta en Internet o en su tienda local de inform\u00e1tica. Algunos programas de descifrado de cookies pueden descargarse gratuitamente de varios sitios web.<\/p>\n<h3>INFORMACI\u00d3N OBLIGATORIA VS. INFORMACI\u00d3N OPCIONAL<\/h3>\n<p>Aunque Encompass requiere que sus usuarios proporcionen cierta informaci\u00f3n en el proceso de registro, la informaci\u00f3n adicional solicitada a los usuarios es opcional y no es necesario que se proporcione a Encompass. Las solicitudes de informaci\u00f3n de los usuarios por parte de Encompass se identificar\u00e1n como \u00abobligatorias\u00bb u \u00abopcionales\u00bb, seg\u00fan corresponda (normalmente mediante una designaci\u00f3n *).<\/p>\n<h3>DISTRIBUCI\u00d3N DE INFORMACI\u00d3N PERSONAL IDENTIFICABLE<\/h3>\n<p>Encompass hace esta promesa a cada usuario de su Sitio:<\/p>\n<p>ENCOMPASS NO VENDER\u00c1, INTERCAMBIAR\u00c1 NI DIVULGAR\u00c1 LA INFORMACI\u00d3N DE IDENTIFICACI\u00d3N PERSONAL DE NING\u00daN USUARIO DE SU SITIO A TERCEROS SIN EL CONSENTIMIENTO PREVIO POR ESCRITO DEL USUARIO.<\/p>\n<p>Sin embargo, Encompass puede proporcionar informaci\u00f3n agregada a terceros sobre los usuarios de nuestros servicios. Esta informaci\u00f3n no incluir\u00e1 datos de identificaci\u00f3n personal.<\/p>\n<h3>OPCI\u00d3N OPT-OUT<\/h3>\n<p>De vez en cuando, Encompass env\u00eda avisos por correo electr\u00f3nico a sus usuarios registrados destacando determinados servicios ofrecidos por Encompass. Todos los usuarios tendr\u00e1n la oportunidad de optar por no recibir tales avisos.<\/p>\n<h3>SEGURIDAD DE LA INFORMACI\u00d3N DEL USUARIO<\/h3>\n<p>Encompass almacena toda la informaci\u00f3n de identificaci\u00f3n personal relativa a sus usuarios en bases de datos seguras protegidas por una serie de controles de acceso. Encompass acceder\u00e1 a esta informaci\u00f3n \u00fanicamente para los fines descritos en esta Pol\u00edtica de privacidad y en las Condiciones de uso de Encompass.<\/p>\n<h3>POL\u00cdTICAS DE PRIVACIDAD DE LOS ANUNCIANTES DE ENCOMPASS<\/h3>\n<p>Las personas y entidades que se anuncian a trav\u00e9s y en el Sitio de Encompass no est\u00e1n sujetas a esta Pol\u00edtica de privacidad. En consecuencia, si usted accede al sitio web de uno de nuestros anunciantes o les proporciona su informaci\u00f3n personal identificable, dicho acceso e informaci\u00f3n se regir\u00e1n exclusivamente por la pol\u00edtica de privacidad, en su caso, del anunciante individual.<\/p>\n<h3>M\u00c1S INFORMACI\u00d3N<\/h3>\n<p>Si tiene alguna pregunta o comentario sobre su privacidad mientras utiliza el Sitio de Encompass, p\u00f3ngase en contacto con nosotros directamente en el 619-660-9068. Para obtener informaci\u00f3n general sobre la privacidad en Internet, puede ponerse en contacto con Truste, BBB Online o la Comisi\u00f3n Federal de Comercio.<\/p>\n\t\t\t\t\t\t<\/div>\n\t\t\t\t<\/div>\n\t\t\t\t\t<\/div>\n\t\t<\/div>\n\t\t\t\t\t<\/div>\n\t\t<\/section>\n\t\t\t\t<\/div>\n\t\t","protected":false},"excerpt":{"rendered":"<p>Pol\u00edtica de privacidad Pol\u00edtica de privacidad Encompass Clinical Research (\u00abEncompass\u00bb) se compromete a proteger y preservar la privacidad de los participantes en sus estudios cl\u00ednicos y de aquellos que se planteen participar en un estudio cl\u00ednico. En consecuencia, hemos desarrollado esta Pol\u00edtica de privacidad para explicar los tipos de informaci\u00f3n de identificaci\u00f3n personal recopilada por [&hellip;]<\/p>\n","protected":false},"author":2,"featured_media":0,"parent":0,"menu_order":0,"comment_status":"closed","ping_status":"closed","template":"elementor_header_footer","meta":{"footnotes":""},"class_list":["post-651","page","type-page","status-publish","hentry"],"_links":{"self":[{"href":"https:\/\/encompassresearch.com\/es\/wp-json\/wp\/v2\/pages\/651","targetHints":{"allow":["GET"]}}],"collection":[{"href":"https:\/\/encompassresearch.com\/es\/wp-json\/wp\/v2\/pages"}],"about":[{"href":"https:\/\/encompassresearch.com\/es\/wp-json\/wp\/v2\/types\/page"}],"author":[{"embeddable":true,"href":"https:\/\/encompassresearch.com\/es\/wp-json\/wp\/v2\/users\/2"}],"replies":[{"embeddable":true,"href":"https:\/\/encompassresearch.com\/es\/wp-json\/wp\/v2\/comments?post=651"}],"version-history":[{"count":1,"href":"https:\/\/encompassresearch.com\/es\/wp-json\/wp\/v2\/pages\/651\/revisions"}],"predecessor-version":[{"id":652,"href":"https:\/\/encompassresearch.com\/es\/wp-json\/wp\/v2\/pages\/651\/revisions\/652"}],"wp:attachment":[{"href":"https:\/\/encompassresearch.com\/es\/wp-json\/wp\/v2\/media?parent=651"}],"curies":[{"name":"wp","href":"https:\/\/api.w.org\/{rel}","templated":true}]}}