{"id":608,"date":"2023-02-15T20:12:58","date_gmt":"2023-02-15T20:12:58","guid":{"rendered":"https:\/\/encompassresearch.com\/preguntas-mas-frecuentes\/"},"modified":"2023-05-01T19:45:16","modified_gmt":"2023-05-01T19:45:16","slug":"preguntas-mas-frecuentes","status":"publish","type":"page","link":"https:\/\/encompassresearch.com\/es\/preguntas-mas-frecuentes\/","title":{"rendered":"Preguntas m\u00e1s frecuentes"},"content":{"rendered":"\t\t<div data-elementor-type=\"wp-page\" data-elementor-id=\"608\" class=\"elementor elementor-608 elementor-313\">\n\t\t\t\t\t\t<section class=\"elementor-section elementor-top-section elementor-element elementor-element-9db1de8 elementor-section-height-min-height elementor-section-boxed elementor-section-height-default elementor-section-items-middle\" data-id=\"9db1de8\" data-element_type=\"section\" data-settings=\"{&quot;background_background&quot;:&quot;classic&quot;}\">\n\t\t\t\t\t\t<div class=\"elementor-container elementor-column-gap-default\">\n\t\t\t\t\t<div class=\"elementor-column elementor-col-100 elementor-top-column elementor-element elementor-element-d7dc2d9\" data-id=\"d7dc2d9\" data-element_type=\"column\">\n\t\t\t<div class=\"elementor-widget-wrap elementor-element-populated\">\n\t\t\t\t\t\t<div class=\"elementor-element elementor-element-dfe6332 elementor-widget elementor-widget-heading\" data-id=\"dfe6332\" data-element_type=\"widget\" data-widget_type=\"heading.default\">\n\t\t\t\t<div class=\"elementor-widget-container\">\n\t\t\t<style>\/*! elementor - v3.21.0 - 08-05-2024 *\/\n.elementor-heading-title{padding:0;margin:0;line-height:1}.elementor-widget-heading .elementor-heading-title[class*=elementor-size-]>a{color:inherit;font-size:inherit;line-height:inherit}.elementor-widget-heading .elementor-heading-title.elementor-size-small{font-size:15px}.elementor-widget-heading .elementor-heading-title.elementor-size-medium{font-size:19px}.elementor-widget-heading .elementor-heading-title.elementor-size-large{font-size:29px}.elementor-widget-heading .elementor-heading-title.elementor-size-xl{font-size:39px}.elementor-widget-heading .elementor-heading-title.elementor-size-xxl{font-size:59px}<\/style><h1 class=\"elementor-heading-title elementor-size-default\">Preguntas m\u00e1s frecuentes<\/h1>\t\t<\/div>\n\t\t\t\t<\/div>\n\t\t\t\t\t<\/div>\n\t\t<\/div>\n\t\t\t\t\t<\/div>\n\t\t<\/section>\n\t\t\t\t<section class=\"elementor-section elementor-top-section elementor-element elementor-element-16c929c elementor-section-boxed elementor-section-height-default elementor-section-height-default\" data-id=\"16c929c\" data-element_type=\"section\">\n\t\t\t\t\t\t<div class=\"elementor-container elementor-column-gap-default\">\n\t\t\t\t\t<div class=\"elementor-column elementor-col-100 elementor-top-column elementor-element elementor-element-04de147\" data-id=\"04de147\" data-element_type=\"column\">\n\t\t\t<div class=\"elementor-widget-wrap elementor-element-populated\">\n\t\t\t\t\t\t<div class=\"elementor-element elementor-element-778ddac elementor-widget elementor-widget-heading\" data-id=\"778ddac\" data-element_type=\"widget\" data-widget_type=\"heading.default\">\n\t\t\t\t<div class=\"elementor-widget-container\">\n\t\t\t<h2 class=\"elementor-heading-title elementor-size-default\">Preguntas m\u00e1s frecuentes<\/h2>\t\t<\/div>\n\t\t\t\t<\/div>\n\t\t\t\t<div class=\"elementor-element elementor-element-4a6e567 elementor-widget elementor-widget-text-editor\" data-id=\"4a6e567\" data-element_type=\"widget\" data-widget_type=\"text-editor.default\">\n\t\t\t\t<div class=\"elementor-widget-container\">\n\t\t\t<style>\/*! elementor - v3.21.0 - 08-05-2024 *\/\n.elementor-widget-text-editor.elementor-drop-cap-view-stacked .elementor-drop-cap{background-color:#69727d;color:#fff}.elementor-widget-text-editor.elementor-drop-cap-view-framed .elementor-drop-cap{color:#69727d;border:3px solid;background-color:transparent}.elementor-widget-text-editor:not(.elementor-drop-cap-view-default) .elementor-drop-cap{margin-top:8px}.elementor-widget-text-editor:not(.elementor-drop-cap-view-default) .elementor-drop-cap-letter{width:1em;height:1em}.elementor-widget-text-editor .elementor-drop-cap{float:left;text-align:center;line-height:1;font-size:50px}.elementor-widget-text-editor .elementor-drop-cap-letter{display:inline-block}<\/style>\t\t\t\t<p>Puesto que los estudios cl\u00ednicos afectan a su salud, es importante que realice todas las preguntas que tenga antes de su participaci\u00f3n. Aqu\u00ed respondemos algunas de las preguntas m\u00e1s frecuentes.<\/p>\n\t\t\t\t\t\t<\/div>\n\t\t\t\t<\/div>\n\t\t\t\t\t<\/div>\n\t\t<\/div>\n\t\t\t\t\t<\/div>\n\t\t<\/section>\n\t\t\t\t<section class=\"elementor-section elementor-top-section elementor-element elementor-element-fa58ef2 elementor-section-boxed elementor-section-height-default elementor-section-height-default\" data-id=\"fa58ef2\" data-element_type=\"section\">\n\t\t\t\t\t\t<div class=\"elementor-container elementor-column-gap-default\">\n\t\t\t\t\t<div class=\"elementor-column elementor-col-100 elementor-top-column elementor-element elementor-element-17f4c95\" data-id=\"17f4c95\" data-element_type=\"column\">\n\t\t\t<div class=\"elementor-widget-wrap elementor-element-populated\">\n\t\t\t\t\t\t<div class=\"elementor-element elementor-element-5219c04 elementor-widget elementor-widget-accordion\" data-id=\"5219c04\" data-element_type=\"widget\" data-widget_type=\"accordion.default\">\n\t\t\t\t<div class=\"elementor-widget-container\">\n\t\t\t<style>\/*! elementor - v3.21.0 - 08-05-2024 *\/\n.elementor-accordion{text-align:start}.elementor-accordion .elementor-accordion-item{border:1px solid #d5d8dc}.elementor-accordion .elementor-accordion-item+.elementor-accordion-item{border-top:none}.elementor-accordion .elementor-tab-title{margin:0;padding:15px 20px;font-weight:700;line-height:1;cursor:pointer;outline:none}.elementor-accordion .elementor-tab-title .elementor-accordion-icon{display:inline-block;width:1.5em}.elementor-accordion .elementor-tab-title .elementor-accordion-icon svg{width:1em;height:1em}.elementor-accordion .elementor-tab-title .elementor-accordion-icon.elementor-accordion-icon-right{float:right;text-align:right}.elementor-accordion .elementor-tab-title .elementor-accordion-icon.elementor-accordion-icon-left{float:left;text-align:left}.elementor-accordion .elementor-tab-title .elementor-accordion-icon .elementor-accordion-icon-closed{display:block}.elementor-accordion .elementor-tab-title .elementor-accordion-icon .elementor-accordion-icon-opened,.elementor-accordion .elementor-tab-title.elementor-active .elementor-accordion-icon-closed{display:none}.elementor-accordion .elementor-tab-title.elementor-active .elementor-accordion-icon-opened{display:block}.elementor-accordion .elementor-tab-content{display:none;padding:15px 20px;border-top:1px solid #d5d8dc}@media (max-width:767px){.elementor-accordion .elementor-tab-title{padding:12px 15px}.elementor-accordion .elementor-tab-title .elementor-accordion-icon{width:1.2em}.elementor-accordion .elementor-tab-content{padding:7px 15px}}.e-con-inner>.elementor-widget-accordion,.e-con>.elementor-widget-accordion{width:var(--container-widget-width);--flex-grow:var(--container-widget-flex-grow)}<\/style>\t\t<div class=\"elementor-accordion\">\n\t\t\t\t\t\t\t<div class=\"elementor-accordion-item\">\n\t\t\t\t\t<h6 id=\"elementor-tab-title-8601\" class=\"elementor-tab-title\" data-tab=\"1\" role=\"button\" aria-controls=\"elementor-tab-content-8601\" aria-expanded=\"false\">\n\t\t\t\t\t\t\t\t\t\t\t\t\t<span class=\"elementor-accordion-icon elementor-accordion-icon-right\" aria-hidden=\"true\">\n\t\t\t\t\t\t\t\t\t\t\t\t\t\t\t<span class=\"elementor-accordion-icon-closed\"><i class=\"fas fa-plus\"><\/i><\/span>\n\t\t\t\t\t\t\t\t<span class=\"elementor-accordion-icon-opened\"><i class=\"fas fa-minus\"><\/i><\/span>\n\t\t\t\t\t\t\t\t\t\t\t\t\t\t<\/span>\n\t\t\t\t\t\t\t\t\t\t\t\t<a class=\"elementor-accordion-title\" tabindex=\"0\">\u00bfQu\u00e9 es un estudio de investigaci\u00f3n cl\u00ednica?<\/a>\n\t\t\t\t\t<\/h6>\n\t\t\t\t\t<div id=\"elementor-tab-content-8601\" class=\"elementor-tab-content elementor-clearfix\" data-tab=\"1\" role=\"region\" aria-labelledby=\"elementor-tab-title-8601\"><p>Se trata de uno de los \u00faltimos pasos del proceso largo y minucioso al que deben someterse todos los tratamientos m\u00e9dicos nuevos antes de obtener la aprobaci\u00f3n de la FDA. Detr\u00e1s de todos los medicamentos disponibles en una farmacia se encuentran los estudios cl\u00ednicos y todas las personas que participaron en ellos.<\/p>\n<\/div>\n\t\t\t\t<\/div>\n\t\t\t\t\t\t\t<div class=\"elementor-accordion-item\">\n\t\t\t\t\t<h6 id=\"elementor-tab-title-8602\" class=\"elementor-tab-title\" data-tab=\"2\" role=\"button\" aria-controls=\"elementor-tab-content-8602\" aria-expanded=\"false\">\n\t\t\t\t\t\t\t\t\t\t\t\t\t<span class=\"elementor-accordion-icon elementor-accordion-icon-right\" aria-hidden=\"true\">\n\t\t\t\t\t\t\t\t\t\t\t\t\t\t\t<span class=\"elementor-accordion-icon-closed\"><i class=\"fas fa-plus\"><\/i><\/span>\n\t\t\t\t\t\t\t\t<span class=\"elementor-accordion-icon-opened\"><i class=\"fas fa-minus\"><\/i><\/span>\n\t\t\t\t\t\t\t\t\t\t\t\t\t\t<\/span>\n\t\t\t\t\t\t\t\t\t\t\t\t<a class=\"elementor-accordion-title\" tabindex=\"0\">\u00bfPor qu\u00e9 necesitamos hacer estudios cl\u00ednicos?<\/a>\n\t\t\t\t\t<\/h6>\n\t\t\t\t\t<div id=\"elementor-tab-content-8602\" class=\"elementor-tab-content elementor-clearfix\" data-tab=\"2\" role=\"region\" aria-labelledby=\"elementor-tab-title-8602\"><p><span class=\"ln l\"><span class=\"f516\">Los estudios responden a preguntas cient\u00edficas que dan lugar a tratamientos m\u00e9dicos nuevos y mejorados. Sin <\/span><\/span><span class=\"ln l\"><span class=\"f516\"><\/span>estudios cl\u00ednicos no habr\u00eda medicamentos nuevos ni ser\u00eda posible que hubiera mejor\u00edas en la atenci\u00f3n m\u00e9dica. <span class=\"ln l\"><span class=\"f516\"><\/span><\/span><\/span><\/p>\n<\/div>\n\t\t\t\t<\/div>\n\t\t\t\t\t\t\t<div class=\"elementor-accordion-item\">\n\t\t\t\t\t<h6 id=\"elementor-tab-title-8603\" class=\"elementor-tab-title\" data-tab=\"3\" role=\"button\" aria-controls=\"elementor-tab-content-8603\" aria-expanded=\"false\">\n\t\t\t\t\t\t\t\t\t\t\t\t\t<span class=\"elementor-accordion-icon elementor-accordion-icon-right\" aria-hidden=\"true\">\n\t\t\t\t\t\t\t\t\t\t\t\t\t\t\t<span class=\"elementor-accordion-icon-closed\"><i class=\"fas fa-plus\"><\/i><\/span>\n\t\t\t\t\t\t\t\t<span class=\"elementor-accordion-icon-opened\"><i class=\"fas fa-minus\"><\/i><\/span>\n\t\t\t\t\t\t\t\t\t\t\t\t\t\t<\/span>\n\t\t\t\t\t\t\t\t\t\t\t\t<a class=\"elementor-accordion-title\" tabindex=\"0\">\u00bfC\u00f3mo se protege a los participantes en un estudio?<\/a>\n\t\t\t\t\t<\/h6>\n\t\t\t\t\t<div id=\"elementor-tab-content-8603\" class=\"elementor-tab-content elementor-clearfix\" data-tab=\"3\" role=\"region\" aria-labelledby=\"elementor-tab-title-8603\"><p><span class=\"ln l\"><span class=\"f516\">Los estudios cl\u00ednicos siguen reglas dise\u00f1adas para proteger la seguridad de los participantes. Una revisi\u00f3n institucional <\/span><\/span><span class=\"ln l\"><span class=\"f516\">Board (IRB) supervisa todos los estudios para asegurarse de que se sigan las reglas. Las miembros del IRB incluyen <\/span><\/span><span class=\"ln l\"><span class=\"f516\">m\u00e9dicos y personas de otras profesiones, como maestros y l\u00edderes religiosos. La \u00e9tica <\/span><\/span><span class=\"ln l\"><span class=\"f516\">y los c\u00f3digos legales que rigen la pr\u00e1ctica m\u00e9dica tambi\u00e9n se aplican a los estudios.<\/span><\/span><\/p>\n<\/div>\n\t\t\t\t<\/div>\n\t\t\t\t\t\t\t<div class=\"elementor-accordion-item\">\n\t\t\t\t\t<h6 id=\"elementor-tab-title-8604\" class=\"elementor-tab-title\" data-tab=\"4\" role=\"button\" aria-controls=\"elementor-tab-content-8604\" aria-expanded=\"false\">\n\t\t\t\t\t\t\t\t\t\t\t\t\t<span class=\"elementor-accordion-icon elementor-accordion-icon-right\" aria-hidden=\"true\">\n\t\t\t\t\t\t\t\t\t\t\t\t\t\t\t<span class=\"elementor-accordion-icon-closed\"><i class=\"fas fa-plus\"><\/i><\/span>\n\t\t\t\t\t\t\t\t<span class=\"elementor-accordion-icon-opened\"><i class=\"fas fa-minus\"><\/i><\/span>\n\t\t\t\t\t\t\t\t\t\t\t\t\t\t<\/span>\n\t\t\t\t\t\t\t\t\t\t\t\t<a class=\"elementor-accordion-title\" tabindex=\"0\">\u00bfQu\u00e9 tratamientos se eval\u00faan en Encompass?<\/a>\n\t\t\t\t\t<\/h6>\n\t\t\t\t\t<div id=\"elementor-tab-content-8604\" class=\"elementor-tab-content elementor-clearfix\" data-tab=\"4\" role=\"region\" aria-labelledby=\"elementor-tab-title-8604\"><p><span class=\"ln l\"><span class=\"f516\">Algunos estudios eval\u00faan nuevos medicamentos prometedores.<span class=\"sp\"> <\/span>Antes de usar estos nuevos medicamentos en personas <\/span><\/span><span class=\"ln l\"><span class=\"f516\">han pasado por aproximadamente 10 a\u00f1os de investigaci\u00f3n cient\u00edfica exhaustiva. Otros estudios <\/span><\/span><span class=\"ln l\"><span class=\"f516\"><\/span>eval\u00faan nuevas formas de usar los medicamentos existentes o nuevas combinaciones de medicamentos aprobados por la FDA.<span class=\"ln l\"><span class=\"f516\"><\/span><\/span><\/span><\/p>\n<\/div>\n\t\t\t\t<\/div>\n\t\t\t\t\t\t\t<div class=\"elementor-accordion-item\">\n\t\t\t\t\t<h6 id=\"elementor-tab-title-8605\" class=\"elementor-tab-title\" data-tab=\"5\" role=\"button\" aria-controls=\"elementor-tab-content-8605\" aria-expanded=\"false\">\n\t\t\t\t\t\t\t\t\t\t\t\t\t<span class=\"elementor-accordion-icon elementor-accordion-icon-right\" aria-hidden=\"true\">\n\t\t\t\t\t\t\t\t\t\t\t\t\t\t\t<span class=\"elementor-accordion-icon-closed\"><i class=\"fas fa-plus\"><\/i><\/span>\n\t\t\t\t\t\t\t\t<span class=\"elementor-accordion-icon-opened\"><i class=\"fas fa-minus\"><\/i><\/span>\n\t\t\t\t\t\t\t\t\t\t\t\t\t\t<\/span>\n\t\t\t\t\t\t\t\t\t\t\t\t<a class=\"elementor-accordion-title\" tabindex=\"0\">\u00bfQu\u00e9 preguntas debo realizar antes de participar?<\/a>\n\t\t\t\t\t<\/h6>\n\t\t\t\t\t<div id=\"elementor-tab-content-8605\" class=\"elementor-tab-content elementor-clearfix\" data-tab=\"5\" role=\"region\" aria-labelledby=\"elementor-tab-title-8605\"><p>Antes de decidir sobre su participaci\u00f3n en un estudio de investigaci\u00f3n cl\u00ednica, debe saber lo m\u00e1ximo posible sobre el estudio. El personal de Encompass responder\u00e1 a todas estas preguntas en una forma f\u00e1cil de entender.<\/p>\n<p>1. \u00bfCu\u00e1l es el objetivo principal de este estudio?<br \/>2. \u00bfEl estudio implica el uso de un medicamento en investigaci\u00f3n nuevo o el de un medicamento ya comercializado?<br \/>3. \u00bfSe utiliza un placebo en el estudio?<br \/>4. \u00bfC\u00f3mo se administrar\u00e1 la medicaci\u00f3n del estudio?<br \/>5. \u00bfCu\u00e1nto durar\u00e1 mi participaci\u00f3n en el estudio y a cu\u00e1ntas visitas tendr\u00e9 que acudir?<br \/>6. \u00bfQu\u00e9 se me pedir\u00e1 que haga como participante?<br \/>7. \u00bfQu\u00e9 tipo de pruebas anal\u00edticas, pruebas de diagn\u00f3stico por la imagen y otros procedimientos se me realizar\u00e1n durante el estudio?<br \/>8. \u00bfPodr\u00e9 tomar mis medicamentos habituales durante mi participaci\u00f3n en el estudio?<br \/>9. \u00bfQu\u00e9 medicamentos, procedimientos o tratamientos debo evitar durante el estudio?<br \/>10. \u00bfCu\u00e1les son los posibles beneficios de participar en este estudio?<br \/>11. \u00bfCu\u00e1les son los posibles riesgos de participar en este estudio?<br \/>12. \u00bfCon qui\u00e9n puedo ponerme en contacto si experimento efectos secundarios o problemas durante el estudio?<br \/>13. \u00bfPodr\u00e9 ver a mi m\u00e9dico habitual durante el estudio?<br \/>14. Si la medicaci\u00f3n del estudio funciona en mi caso, \u00bfpodr\u00e9 seguir us\u00e1ndola despu\u00e9s del estudio?<br \/>15. \u00bfRecibir\u00e9 atenci\u00f3n de seguimiento una vez finalizado el estudio?<\/p>\n<\/div>\n\t\t\t\t<\/div>\n\t\t\t\t\t\t\t\t\t\t<script type=\"application\/ld+json\">{\"@context\":\"https:\\\/\\\/schema.org\",\"@type\":\"FAQPage\",\"mainEntity\":[{\"@type\":\"Question\",\"name\":\"\\u00bfQu\\u00e9 es un estudio de investigaci\\u00f3n cl\\u00ednica?\",\"acceptedAnswer\":{\"@type\":\"Answer\",\"text\":\"<p>Se trata de uno de los \\u00faltimos pasos del proceso largo y minucioso al que deben someterse todos los tratamientos m\\u00e9dicos nuevos antes de obtener la aprobaci\\u00f3n de la FDA. Detr\\u00e1s de todos los medicamentos disponibles en una farmacia se encuentran los estudios cl\\u00ednicos y todas las personas que participaron en ellos.<\\\/p>\\n\"}},{\"@type\":\"Question\",\"name\":\"\\u00bfPor qu\\u00e9 necesitamos hacer estudios cl\\u00ednicos?\",\"acceptedAnswer\":{\"@type\":\"Answer\",\"text\":\"<p><span class=\\\"ln l\\\"><span class=\\\"f516\\\">Los estudios responden a preguntas cient\\u00edficas que dan lugar a tratamientos m\\u00e9dicos nuevos y mejorados. Sin <\\\/span><\\\/span><span class=\\\"ln l\\\"><span class=\\\"f516\\\"><\\\/span>estudios cl\\u00ednicos no habr\\u00eda medicamentos nuevos ni ser\\u00eda posible que hubiera mejor\\u00edas en la atenci\\u00f3n m\\u00e9dica. <span class=\\\"ln l\\\"><span class=\\\"f516\\\"><\\\/span><\\\/span><\\\/span><\\\/p>\\n\"}},{\"@type\":\"Question\",\"name\":\"\\u00bfC\\u00f3mo se protege a los participantes en un estudio?\",\"acceptedAnswer\":{\"@type\":\"Answer\",\"text\":\"<p><span class=\\\"ln l\\\"><span class=\\\"f516\\\">Los estudios cl\\u00ednicos siguen reglas dise\\u00f1adas para proteger la seguridad de los participantes. Una revisi\\u00f3n institucional <\\\/span><\\\/span><span class=\\\"ln l\\\"><span class=\\\"f516\\\">Board (IRB) supervisa todos los estudios para asegurarse de que se sigan las reglas. Las miembros del IRB incluyen <\\\/span><\\\/span><span class=\\\"ln l\\\"><span class=\\\"f516\\\">m\\u00e9dicos y personas de otras profesiones, como maestros y l\\u00edderes religiosos. La \\u00e9tica <\\\/span><\\\/span><span class=\\\"ln l\\\"><span class=\\\"f516\\\">y los c\\u00f3digos legales que rigen la pr\\u00e1ctica m\\u00e9dica tambi\\u00e9n se aplican a los estudios.<\\\/span><\\\/span><\\\/p>\\n\"}},{\"@type\":\"Question\",\"name\":\"\\u00bfQu\\u00e9 tratamientos se eval\\u00faan en Encompass?\",\"acceptedAnswer\":{\"@type\":\"Answer\",\"text\":\"<p><span class=\\\"ln l\\\"><span class=\\\"f516\\\">Algunos estudios eval\\u00faan nuevos medicamentos prometedores.<span class=\\\"sp\\\"> <\\\/span>Antes de usar estos nuevos medicamentos en personas <\\\/span><\\\/span><span class=\\\"ln l\\\"><span class=\\\"f516\\\">han pasado por aproximadamente 10 a\\u00f1os de investigaci\\u00f3n cient\\u00edfica exhaustiva. Otros estudios <\\\/span><\\\/span><span class=\\\"ln l\\\"><span class=\\\"f516\\\"><\\\/span>eval\\u00faan nuevas formas de usar los medicamentos existentes o nuevas combinaciones de medicamentos aprobados por la FDA.<span class=\\\"ln l\\\"><span class=\\\"f516\\\"><\\\/span><\\\/span><\\\/span><\\\/p>\\n\"}},{\"@type\":\"Question\",\"name\":\"\\u00bfQu\\u00e9 preguntas debo realizar antes de participar?\",\"acceptedAnswer\":{\"@type\":\"Answer\",\"text\":\"<p>Antes de decidir sobre su participaci\\u00f3n en un estudio de investigaci\\u00f3n cl\\u00ednica, debe saber lo m\\u00e1ximo posible sobre el estudio. El personal de Encompass responder\\u00e1 a todas estas preguntas en una forma f\\u00e1cil de entender.<\\\/p>\\n<p>1. \\u00bfCu\\u00e1l es el objetivo principal de este estudio?<br \\\/>2. \\u00bfEl estudio implica el uso de un medicamento en investigaci\\u00f3n nuevo o el de un medicamento ya comercializado?<br \\\/>3. \\u00bfSe utiliza un placebo en el estudio?<br \\\/>4. \\u00bfC\\u00f3mo se administrar\\u00e1 la medicaci\\u00f3n del estudio?<br \\\/>5. \\u00bfCu\\u00e1nto durar\\u00e1 mi participaci\\u00f3n en el estudio y a cu\\u00e1ntas visitas tendr\\u00e9 que acudir?<br \\\/>6. \\u00bfQu\\u00e9 se me pedir\\u00e1 que haga como participante?<br \\\/>7. \\u00bfQu\\u00e9 tipo de pruebas anal\\u00edticas, pruebas de diagn\\u00f3stico por la imagen y otros procedimientos se me realizar\\u00e1n durante el estudio?<br \\\/>8. \\u00bfPodr\\u00e9 tomar mis medicamentos habituales durante mi participaci\\u00f3n en el estudio?<br \\\/>9. \\u00bfQu\\u00e9 medicamentos, procedimientos o tratamientos debo evitar durante el estudio?<br \\\/>10. \\u00bfCu\\u00e1les son los posibles beneficios de participar en este estudio?<br \\\/>11. \\u00bfCu\\u00e1les son los posibles riesgos de participar en este estudio?<br \\\/>12. \\u00bfCon qui\\u00e9n puedo ponerme en contacto si experimento efectos secundarios o problemas durante el estudio?<br \\\/>13. \\u00bfPodr\\u00e9 ver a mi m\\u00e9dico habitual durante el estudio?<br \\\/>14. Si la medicaci\\u00f3n del estudio funciona en mi caso, \\u00bfpodr\\u00e9 seguir us\\u00e1ndola despu\\u00e9s del estudio?<br \\\/>15. \\u00bfRecibir\\u00e9 atenci\\u00f3n de seguimiento una vez finalizado el estudio?<\\\/p>\\n\"}}]}<\/script>\n\t\t\t\t\t<\/div>\n\t\t\t\t<\/div>\n\t\t\t\t<\/div>\n\t\t\t\t\t<\/div>\n\t\t<\/div>\n\t\t\t\t\t<\/div>\n\t\t<\/section>\n\t\t\t\t<\/div>\n\t\t","protected":false},"excerpt":{"rendered":"<p>Preguntas m\u00e1s frecuentes Preguntas m\u00e1s frecuentes Puesto que los estudios cl\u00ednicos afectan a su salud, es importante que realice todas las preguntas que tenga antes de su participaci\u00f3n. Aqu\u00ed respondemos algunas de las preguntas m\u00e1s frecuentes. \u00bfQu\u00e9 es un estudio de investigaci\u00f3n cl\u00ednica? Se trata de uno de los \u00faltimos pasos del proceso largo y [&hellip;]<\/p>\n","protected":false},"author":2,"featured_media":0,"parent":0,"menu_order":0,"comment_status":"closed","ping_status":"closed","template":"elementor_header_footer","meta":{"footnotes":""},"class_list":["post-608","page","type-page","status-publish","hentry"],"_links":{"self":[{"href":"https:\/\/encompassresearch.com\/es\/wp-json\/wp\/v2\/pages\/608","targetHints":{"allow":["GET"]}}],"collection":[{"href":"https:\/\/encompassresearch.com\/es\/wp-json\/wp\/v2\/pages"}],"about":[{"href":"https:\/\/encompassresearch.com\/es\/wp-json\/wp\/v2\/types\/page"}],"author":[{"embeddable":true,"href":"https:\/\/encompassresearch.com\/es\/wp-json\/wp\/v2\/users\/2"}],"replies":[{"embeddable":true,"href":"https:\/\/encompassresearch.com\/es\/wp-json\/wp\/v2\/comments?post=608"}],"version-history":[{"count":1,"href":"https:\/\/encompassresearch.com\/es\/wp-json\/wp\/v2\/pages\/608\/revisions"}],"predecessor-version":[{"id":609,"href":"https:\/\/encompassresearch.com\/es\/wp-json\/wp\/v2\/pages\/608\/revisions\/609"}],"wp:attachment":[{"href":"https:\/\/encompassresearch.com\/es\/wp-json\/wp\/v2\/media?parent=608"}],"curies":[{"name":"wp","href":"https:\/\/api.w.org\/{rel}","templated":true}]}}