{"id":604,"date":"2023-02-15T18:29:38","date_gmt":"2023-02-15T18:29:38","guid":{"rendered":"https:\/\/encompassresearch.com\/nuestro-equipo\/"},"modified":"2023-05-01T19:21:18","modified_gmt":"2023-05-01T19:21:18","slug":"nuestro-equipo","status":"publish","type":"page","link":"https:\/\/encompassresearch.com\/es\/nuestro-equipo\/","title":{"rendered":"Nuestro Equipo"},"content":{"rendered":"\t\t<div data-elementor-type=\"wp-page\" data-elementor-id=\"604\" class=\"elementor elementor-604 elementor-242\">\n\t\t\t\t\t\t<section class=\"elementor-section elementor-top-section elementor-element elementor-element-5dbadf0 elementor-section-height-min-height elementor-section-boxed elementor-section-height-default elementor-section-items-middle\" data-id=\"5dbadf0\" data-element_type=\"section\" data-settings=\"{&quot;background_background&quot;:&quot;classic&quot;}\">\n\t\t\t\t\t\t<div class=\"elementor-container elementor-column-gap-default\">\n\t\t\t\t\t<div class=\"elementor-column elementor-col-100 elementor-top-column elementor-element elementor-element-1736b7f\" data-id=\"1736b7f\" data-element_type=\"column\">\n\t\t\t<div class=\"elementor-widget-wrap elementor-element-populated\">\n\t\t\t\t\t\t<div class=\"elementor-element elementor-element-5c29682 elementor-widget elementor-widget-heading\" data-id=\"5c29682\" data-element_type=\"widget\" data-widget_type=\"heading.default\">\n\t\t\t\t<div class=\"elementor-widget-container\">\n\t\t\t<style>\/*! elementor - v3.21.0 - 08-05-2024 *\/\n.elementor-heading-title{padding:0;margin:0;line-height:1}.elementor-widget-heading .elementor-heading-title[class*=elementor-size-]>a{color:inherit;font-size:inherit;line-height:inherit}.elementor-widget-heading .elementor-heading-title.elementor-size-small{font-size:15px}.elementor-widget-heading .elementor-heading-title.elementor-size-medium{font-size:19px}.elementor-widget-heading .elementor-heading-title.elementor-size-large{font-size:29px}.elementor-widget-heading .elementor-heading-title.elementor-size-xl{font-size:39px}.elementor-widget-heading .elementor-heading-title.elementor-size-xxl{font-size:59px}<\/style><h1 class=\"elementor-heading-title elementor-size-default\">Nuestro Equipo<\/h1>\t\t<\/div>\n\t\t\t\t<\/div>\n\t\t\t\t\t<\/div>\n\t\t<\/div>\n\t\t\t\t\t<\/div>\n\t\t<\/section>\n\t\t\t\t<section class=\"elementor-section elementor-top-section elementor-element elementor-element-80f3a3b elementor-section-boxed elementor-section-height-default elementor-section-height-default\" data-id=\"80f3a3b\" data-element_type=\"section\">\n\t\t\t\t\t\t<div class=\"elementor-container elementor-column-gap-default\">\n\t\t\t\t\t<div class=\"elementor-column elementor-col-100 elementor-top-column elementor-element elementor-element-01fbbdd\" data-id=\"01fbbdd\" data-element_type=\"column\">\n\t\t\t<div class=\"elementor-widget-wrap elementor-element-populated\">\n\t\t\t\t\t\t<div class=\"elementor-element elementor-element-8a0ed0a elementor-widget elementor-widget-heading\" data-id=\"8a0ed0a\" data-element_type=\"widget\" data-widget_type=\"heading.default\">\n\t\t\t\t<div class=\"elementor-widget-container\">\n\t\t\t<h2 class=\"elementor-heading-title elementor-size-default\">Nuestro Equipo<strong style=\"font-weight:600;\"><\/strong><\/h2>\t\t<\/div>\n\t\t\t\t<\/div>\n\t\t\t\t<div class=\"elementor-element elementor-element-478a4fd elementor-widget elementor-widget-text-editor\" data-id=\"478a4fd\" data-element_type=\"widget\" data-widget_type=\"text-editor.default\">\n\t\t\t\t<div class=\"elementor-widget-container\">\n\t\t\t<style>\/*! elementor - v3.21.0 - 08-05-2024 *\/\n.elementor-widget-text-editor.elementor-drop-cap-view-stacked .elementor-drop-cap{background-color:#69727d;color:#fff}.elementor-widget-text-editor.elementor-drop-cap-view-framed .elementor-drop-cap{color:#69727d;border:3px solid;background-color:transparent}.elementor-widget-text-editor:not(.elementor-drop-cap-view-default) .elementor-drop-cap{margin-top:8px}.elementor-widget-text-editor:not(.elementor-drop-cap-view-default) .elementor-drop-cap-letter{width:1em;height:1em}.elementor-widget-text-editor .elementor-drop-cap{float:left;text-align:center;line-height:1;font-size:50px}.elementor-widget-text-editor .elementor-drop-cap-letter{display:inline-block}<\/style>\t\t\t\t<p>Hemos seleccionado cuidadosamente un equipo de profesionales m\u00e9dicos dedicados no solo teniendo en cuenta su formaci\u00f3n y capacidades excepcionales, sino considerando tambi\u00e9n su capacidad para trabajar con las personas. Nuestra funci\u00f3n es cuidar de nuestros pacientes a la vez que marcamos la diferencia mediante la investigaci\u00f3n. Queremos que su experiencia con nosotros sea positiva. Aqu\u00ed le presentamos a nuestro equipo de amables y altamente cualificados profesionales.<\/p>\n\t\t\t\t\t\t<\/div>\n\t\t\t\t<\/div>\n\t\t\t\t<section class=\"elementor-section elementor-inner-section elementor-element elementor-element-d9cf834 elementor-section-boxed elementor-section-height-default elementor-section-height-default\" data-id=\"d9cf834\" data-element_type=\"section\">\n\t\t\t\t\t\t<div class=\"elementor-container elementor-column-gap-default\">\n\t\t\t\t\t<div class=\"elementor-column elementor-col-100 elementor-inner-column elementor-element elementor-element-4277a47\" data-id=\"4277a47\" data-element_type=\"column\">\n\t\t\t<div class=\"elementor-widget-wrap elementor-element-populated\">\n\t\t\t\t\t\t<div class=\"elementor-element elementor-element-001fce0 elementor-widget elementor-widget-heading\" data-id=\"001fce0\" data-element_type=\"widget\" data-widget_type=\"heading.default\">\n\t\t\t\t<div class=\"elementor-widget-container\">\n\t\t\t<h2 class=\"elementor-heading-title elementor-size-default\"><strong style=\"font-weight:600;\">Nuestros M\u00e9dicos<\/strong><\/h2>\t\t<\/div>\n\t\t\t\t<\/div>\n\t\t\t\t\t<\/div>\n\t\t<\/div>\n\t\t\t\t\t<\/div>\n\t\t<\/section>\n\t\t\t\t<section class=\"elementor-section elementor-inner-section elementor-element elementor-element-076abbd elementor-section-boxed elementor-section-height-default elementor-section-height-default\" data-id=\"076abbd\" data-element_type=\"section\">\n\t\t\t\t\t\t<div class=\"elementor-container elementor-column-gap-default\">\n\t\t\t\t\t<div class=\"elementor-column elementor-col-50 elementor-inner-column elementor-element elementor-element-277cb55\" data-id=\"277cb55\" data-element_type=\"column\">\n\t\t\t<div class=\"elementor-widget-wrap elementor-element-populated\">\n\t\t\t\t\t\t<div class=\"elementor-element elementor-element-53d2180 elementor-widget elementor-widget-heading\" data-id=\"53d2180\" data-element_type=\"widget\" data-widget_type=\"heading.default\">\n\t\t\t\t<div class=\"elementor-widget-container\">\n\t\t\t<h4 class=\"elementor-heading-title elementor-size-default\">Dr. Hanid Audish<\/h4>\t\t<\/div>\n\t\t\t\t<\/div>\n\t\t\t\t<div class=\"elementor-element elementor-element-323922f elementor-widget elementor-widget-heading\" data-id=\"323922f\" data-element_type=\"widget\" data-widget_type=\"heading.default\">\n\t\t\t\t<div class=\"elementor-widget-container\">\n\t\t\t<h6 class=\"elementor-heading-title elementor-size-default\">DIRECTOR, INVESTIGADOR PRINCIPAL<\/h6>\t\t<\/div>\n\t\t\t\t<\/div>\n\t\t\t\t<div class=\"elementor-element elementor-element-bb681ff about-doctor elementor-widget elementor-widget-text-editor\" data-id=\"bb681ff\" data-element_type=\"widget\" data-widget_type=\"text-editor.default\">\n\t\t\t\t<div class=\"elementor-widget-container\">\n\t\t\t\t\t\t\t<p>El Dr. Hanid Audish est\u00e1 especializado en medicina familiar. Ha trabajado en la pr\u00e1ctica privada desde 2007 y fue en este a\u00f1o cuando se uni\u00f3 a Encompass Medical Group. Durante la pr\u00e1ctica cl\u00ednica, el Dr. Audish observ\u00f3 que muchos pacientes necesitaban mejores opciones de tratamiento para poder tratar sus enfermedades cr\u00f3nicas. Su deseo de proporcionar y ofrecer mejores tratamientos a estos pacientes hizo que el Dr. Audish pasara al \u00e1mbito de la investigaci\u00f3n cl\u00ednica. Su pasi\u00f3n por la investigaci\u00f3n cl\u00ednica creci\u00f3 durante su trabajo en la pr\u00e1ctica privada y pronto se uni\u00f3 al equipo de Encompass Clinical Research. Le apasiona ayudar a los pacientes a controlar su estado de salud ofreci\u00e9ndoles informaci\u00f3n sobre sus enfermedades. Disfruta de la diversidad que ofrece ser un m\u00e9dico de estudios cl\u00ednicos y un m\u00e9dico en la pr\u00e1ctica privada.<\/p>\n<ul>\n<li>M\u00e9dico especializado en medicina familiar (AOBFP)<\/li>\n<li>Licenciatura en Medicina \u2013 Western University of Health Sciences<\/li>\n<li>Encompass Family Physicians Medical Group, m\u00e9dico titular<\/li>\n<li>Encompass Clinical Research, m\u00e9dico de investigaci\u00f3n cl\u00ednica<\/li>\n<\/ul>\n\t\t\t\t\t\t<\/div>\n\t\t\t\t<\/div>\n\t\t\t\t\t<\/div>\n\t\t<\/div>\n\t\t\t\t<div class=\"elementor-column elementor-col-50 elementor-inner-column elementor-element elementor-element-c222af9\" data-id=\"c222af9\" data-element_type=\"column\">\n\t\t\t<div class=\"elementor-widget-wrap elementor-element-populated\">\n\t\t\t\t\t\t<div class=\"elementor-element elementor-element-a0ec4d2 elementor-widget elementor-widget-heading\" data-id=\"a0ec4d2\" data-element_type=\"widget\" data-widget_type=\"heading.default\">\n\t\t\t\t<div class=\"elementor-widget-container\">\n\t\t\t<h4 class=\"elementor-heading-title elementor-size-default\">Dr. Robert Lipetz\n<\/h4>\t\t<\/div>\n\t\t\t\t<\/div>\n\t\t\t\t<div class=\"elementor-element elementor-element-40c7a24 elementor-widget elementor-widget-heading\" data-id=\"40c7a24\" data-element_type=\"widget\" data-widget_type=\"heading.default\">\n\t\t\t\t<div class=\"elementor-widget-container\">\n\t\t\t<h6 class=\"elementor-heading-title elementor-size-default\">FUNDADOR, INVESTIGADOR PRINCIPAL<\/h6>\t\t<\/div>\n\t\t\t\t<\/div>\n\t\t\t\t<div class=\"elementor-element elementor-element-5ba1a17 about-doctor elementor-widget elementor-widget-text-editor\" data-id=\"5ba1a17\" data-element_type=\"widget\" data-widget_type=\"text-editor.default\">\n\t\t\t\t<div class=\"elementor-widget-container\">\n\t\t\t\t\t\t\t<p>El Dr. Robert Lipetz est\u00e1 especializado en medicina familiar e investigaci\u00f3n cl\u00ednica. Su deseo de ayudar en el avance de la atenci\u00f3n m\u00e9dica y de mejorar la calidad de vida de sus pacientes dio lugar a que el Dr. Lipetz diera el salto a la investigaci\u00f3n m\u00e9dica. Se retir\u00f3 de la pr\u00e1ctica privada en el a\u00f1o 2000 y fund\u00f3 Encompass Clinical Research. Proporciona a los pacientes de los estudios cl\u00ednicos a su cargo una atenci\u00f3n personalizada, a la vez que imparte una atenci\u00f3n medica relacionada con el estudio de la m\u00e1s alta calidad.<\/p>\n<ul>\n<li>M\u00e9dico especializado en investigaci\u00f3n cl\u00ednica (Academy of Pharmaceutical Physicians and Investigators)<\/li>\n<li>Licenciatura en Medicina \u2013 Michigan State University, College of Osteopathic Medicine<\/li>\n<li>Encompass Clinical Research, m\u00e9dico de investigaci\u00f3n cl\u00ednica<\/li>\n<\/ul>\n\t\t\t\t\t\t<\/div>\n\t\t\t\t<\/div>\n\t\t\t\t\t<\/div>\n\t\t<\/div>\n\t\t\t\t\t<\/div>\n\t\t<\/section>\n\t\t\t\t\t<\/div>\n\t\t<\/div>\n\t\t\t\t\t<\/div>\n\t\t<\/section>\n\t\t\t\t<section class=\"elementor-section elementor-top-section elementor-element elementor-element-dd7bd7f elementor-section-boxed elementor-section-height-default elementor-section-height-default\" data-id=\"dd7bd7f\" data-element_type=\"section\" data-settings=\"{&quot;background_background&quot;:&quot;classic&quot;}\">\n\t\t\t\t\t\t<div class=\"elementor-container elementor-column-gap-default\">\n\t\t\t\t\t<div class=\"elementor-column elementor-col-100 elementor-top-column elementor-element elementor-element-cd59681\" data-id=\"cd59681\" data-element_type=\"column\">\n\t\t\t<div class=\"elementor-widget-wrap elementor-element-populated\">\n\t\t\t\t\t\t<div class=\"elementor-element elementor-element-c7d95ea elementor-widget elementor-widget-heading\" data-id=\"c7d95ea\" data-element_type=\"widget\" data-widget_type=\"heading.default\">\n\t\t\t\t<div class=\"elementor-widget-container\">\n\t\t\t<h2 class=\"elementor-heading-title elementor-size-default\">Nuestro Equipo<strong style=\"font-weight:600;\"><\/strong><\/h2>\t\t<\/div>\n\t\t\t\t<\/div>\n\t\t\t\t<section class=\"elementor-section elementor-inner-section elementor-element elementor-element-3219def elementor-section-boxed elementor-section-height-default elementor-section-height-default\" data-id=\"3219def\" data-element_type=\"section\">\n\t\t\t\t\t\t<div class=\"elementor-container elementor-column-gap-default\">\n\t\t\t\t\t<div class=\"elementor-column elementor-col-50 elementor-inner-column elementor-element elementor-element-bb4a670\" data-id=\"bb4a670\" data-element_type=\"column\">\n\t\t\t<div class=\"elementor-widget-wrap elementor-element-populated\">\n\t\t\t\t\t\t<div class=\"elementor-element elementor-element-f290b54 elementor-widget elementor-widget-heading\" data-id=\"f290b54\" data-element_type=\"widget\" data-widget_type=\"heading.default\">\n\t\t\t\t<div class=\"elementor-widget-container\">\n\t\t\t<h2 class=\"elementor-heading-title elementor-size-default\">DIRECTOR DE OFICINA<\/h2>\t\t<\/div>\n\t\t\t\t<\/div>\n\t\t\t\t<div class=\"elementor-element elementor-element-67ec9f8 team-text elementor-widget elementor-widget-text-editor\" data-id=\"67ec9f8\" data-element_type=\"widget\" data-widget_type=\"text-editor.default\">\n\t\t\t\t<div class=\"elementor-widget-container\">\n\t\t\t\t\t\t\t<p>Teri Whited, M.A., C.R.C.<\/p>\n<p><a href=\"mailto:twhited@ecrstudies.com\"><em>twhited@ecrstudies.com<\/em><\/a><\/p>\n\t\t\t\t\t\t<\/div>\n\t\t\t\t<\/div>\n\t\t\t\t<div class=\"elementor-element elementor-element-7a7b818 elementor-widget elementor-widget-heading\" data-id=\"7a7b818\" data-element_type=\"widget\" data-widget_type=\"heading.default\">\n\t\t\t\t<div class=\"elementor-widget-container\">\n\t\t\t<h2 class=\"elementor-heading-title elementor-size-default\">COORDINADORES DE LOS ESTUDIOS DE INVESTIGACI\u00d3N<\/h2>\t\t<\/div>\n\t\t\t\t<\/div>\n\t\t\t\t<div class=\"elementor-element elementor-element-b833562 team-text elementor-widget elementor-widget-text-editor\" data-id=\"b833562\" data-element_type=\"widget\" data-widget_type=\"text-editor.default\">\n\t\t\t\t<div class=\"elementor-widget-container\">\n\t\t\t\t\t\t\t<p>Molly Sanchez, C.R.C.<\/p>\n<p><a href=\"mailto:msanchez@ecrstudies.com\"><em>msanchez@ecrstudies.com<\/em><\/a><\/p>\n\t\t\t\t\t\t<\/div>\n\t\t\t\t<\/div>\n\t\t\t\t<div class=\"elementor-element elementor-element-1dc77a4 team-text elementor-widget elementor-widget-text-editor\" data-id=\"1dc77a4\" data-element_type=\"widget\" data-widget_type=\"text-editor.default\">\n\t\t\t\t<div class=\"elementor-widget-container\">\n\t\t\t\t\t\t\t<p>Stephanie Lytle, C.R.C.<\/p>\n<p><a href=\"mailto:slytle@ecrstudies.com\"><em>slytle@ecrstudies.com<\/em><\/a><\/p>\n\t\t\t\t\t\t<\/div>\n\t\t\t\t<\/div>\n\t\t\t\t<div class=\"elementor-element elementor-element-e9d84b1 team-text elementor-widget elementor-widget-text-editor\" data-id=\"e9d84b1\" data-element_type=\"widget\" data-widget_type=\"text-editor.default\">\n\t\t\t\t<div class=\"elementor-widget-container\">\n\t\t\t\t\t\t\t<p>Andrea Bautista, C.R.C.<\/p>\n<p><a href=\"mailto:abautista@ecrstudies.com\"><em>abautista@ecrstudies.com<\/em><\/a><\/p>\n\t\t\t\t\t\t<\/div>\n\t\t\t\t<\/div>\n\t\t\t\t\t<\/div>\n\t\t<\/div>\n\t\t\t\t<div class=\"elementor-column elementor-col-50 elementor-inner-column elementor-element elementor-element-2f0472e\" data-id=\"2f0472e\" data-element_type=\"column\">\n\t\t\t<div class=\"elementor-widget-wrap elementor-element-populated\">\n\t\t\t\t\t\t<div class=\"elementor-element elementor-element-908cd8a elementor-widget elementor-widget-heading\" data-id=\"908cd8a\" data-element_type=\"widget\" data-widget_type=\"heading.default\">\n\t\t\t\t<div class=\"elementor-widget-container\">\n\t\t\t<h2 class=\"elementor-heading-title elementor-size-default\">ESPECIALISTAS EN RECLUTAMIENTO DE PACIENTES<\/h2>\t\t<\/div>\n\t\t\t\t<\/div>\n\t\t\t\t<div class=\"elementor-element elementor-element-2b5c633 team-text elementor-widget elementor-widget-text-editor\" data-id=\"2b5c633\" data-element_type=\"widget\" data-widget_type=\"text-editor.default\">\n\t\t\t\t<div class=\"elementor-widget-container\">\n\t\t\t\t\t\t\t<p>Vamon Macid<\/p>\n<p><a href=\"mailto:vmacid@ecrstudies.com\"><em>vmacid@ecrstudies.com<\/em><\/a><\/p>\n\t\t\t\t\t\t<\/div>\n\t\t\t\t<\/div>\n\t\t\t\t<div class=\"elementor-element elementor-element-893bae3 team-text elementor-widget elementor-widget-text-editor\" data-id=\"893bae3\" data-element_type=\"widget\" data-widget_type=\"text-editor.default\">\n\t\t\t\t<div class=\"elementor-widget-container\">\n\t\t\t\t\t\t\t<p>Cristina Bahena<\/p>\n<p><a href=\"mailto:cbahena@ecrstudies.com\"><em>cbahena@ecrstudies.com<\/em><\/a><\/p>\n\t\t\t\t\t\t<\/div>\n\t\t\t\t<\/div>\n\t\t\t\t<div class=\"elementor-element elementor-element-04cfded elementor-widget elementor-widget-heading\" data-id=\"04cfded\" data-element_type=\"widget\" data-widget_type=\"heading.default\">\n\t\t\t\t<div class=\"elementor-widget-container\">\n\t\t\t<h2 class=\"elementor-heading-title elementor-size-default\">NUTRITION SPECIALIST<\/h2>\t\t<\/div>\n\t\t\t\t<\/div>\n\t\t\t\t<div class=\"elementor-element elementor-element-5581efe team-text elementor-widget elementor-widget-text-editor\" data-id=\"5581efe\" data-element_type=\"widget\" data-widget_type=\"text-editor.default\">\n\t\t\t\t<div class=\"elementor-widget-container\">\n\t\t\t\t\t\t\t<p>Marion Krannenberg-Spence, R.D.<\/p>\n<p><a href=\"mailto:marionkspence@gmail.com\"><em>marionkspence@gmail.com<\/em><\/a><\/p>\n\t\t\t\t\t\t<\/div>\n\t\t\t\t<\/div>\n\t\t\t\t\t<\/div>\n\t\t<\/div>\n\t\t\t\t\t<\/div>\n\t\t<\/section>\n\t\t\t\t\t<\/div>\n\t\t<\/div>\n\t\t\t\t\t<\/div>\n\t\t<\/section>\n\t\t\t\t<\/div>\n\t\t","protected":false},"excerpt":{"rendered":"<p>Nuestro Equipo Nuestro Equipo Hemos seleccionado cuidadosamente un equipo de profesionales m\u00e9dicos dedicados no solo teniendo en cuenta su formaci\u00f3n y capacidades excepcionales, sino considerando tambi\u00e9n su capacidad para trabajar con las personas. Nuestra funci\u00f3n es cuidar de nuestros pacientes a la vez que marcamos la diferencia mediante la investigaci\u00f3n. Queremos que su experiencia con [&hellip;]<\/p>\n","protected":false},"author":2,"featured_media":0,"parent":0,"menu_order":0,"comment_status":"closed","ping_status":"closed","template":"elementor_header_footer","meta":{"footnotes":""},"class_list":["post-604","page","type-page","status-publish","hentry"],"_links":{"self":[{"href":"https:\/\/encompassresearch.com\/es\/wp-json\/wp\/v2\/pages\/604","targetHints":{"allow":["GET"]}}],"collection":[{"href":"https:\/\/encompassresearch.com\/es\/wp-json\/wp\/v2\/pages"}],"about":[{"href":"https:\/\/encompassresearch.com\/es\/wp-json\/wp\/v2\/types\/page"}],"author":[{"embeddable":true,"href":"https:\/\/encompassresearch.com\/es\/wp-json\/wp\/v2\/users\/2"}],"replies":[{"embeddable":true,"href":"https:\/\/encompassresearch.com\/es\/wp-json\/wp\/v2\/comments?post=604"}],"version-history":[{"count":1,"href":"https:\/\/encompassresearch.com\/es\/wp-json\/wp\/v2\/pages\/604\/revisions"}],"predecessor-version":[{"id":605,"href":"https:\/\/encompassresearch.com\/es\/wp-json\/wp\/v2\/pages\/604\/revisions\/605"}],"wp:attachment":[{"href":"https:\/\/encompassresearch.com\/es\/wp-json\/wp\/v2\/media?parent=604"}],"curies":[{"name":"wp","href":"https:\/\/api.w.org\/{rel}","templated":true}]}}